{"id":78,"date":"2013-05-09T08:48:14","date_gmt":"2013-05-09T08:48:14","guid":{"rendered":"http:\/\/www.artseo.de\/?page_id=78"},"modified":"2026-04-02T11:10:25","modified_gmt":"2026-04-02T11:10:25","slug":"gruppenausstellungen","status":"publish","type":"page","link":"https:\/\/artseo.de\/en\/ausstellungen\/gruppenausstellungen.html","title":{"rendered":"Group Exhibitions"},"content":{"rendered":"<p><\/p>\n<h3>2026<\/h3>\n<ul>\n<li>\n<p class=\"p1\">New Beginnings, Wetterling Gallery, Stockholm \/ Sweden<\/p>\n<\/li>\n<li>\n<p class=\"p1\">Biennale am Main , Kunstforum Mainturm, Fl\u00f6rsheim am Main \/ Germany<\/p>\n<\/li>\n<\/ul>\n<h3>2025<\/h3>\n<ul>\n<li>Windfinder \u2013 The Summer Exhibition, Galerie Hartwich, Sellin \/ Germany<\/li>\n<\/ul>\n<h3>2024<\/h3>\n<ul>\n<li>Kluft im Paradies, Galerie Noah, Augsburg\/ Germany<\/li>\n<\/ul>\n<h3>2023<\/h3>\n<ul>\n<li>Transcendent Variables, Gallery Wetterling, Stockholm\/Sweden<\/li>\n<\/ul>\n<h3>2022<\/h3>\n<ul>\n<li>misa.art POP-UP, Berlin\/ Germany<\/li>\n<li>Geballte Frauenpower, Rosenhang Museum, Weilburg, Lahn\/ Germany<\/li>\n<li>Jinan International Biennale, Jinan Art Museum, Jinan\/ China<\/li>\n<\/ul>\n<h3>2021<\/h3>\n<ul>\n<li><a title=\"Modernity and Tradition, Intersection\" href=\"http:\/\/www.artseo.de\/ausstellungen\/gruppenausstellungen\/modernity-and-tradition-intersection.html\">Modernity and Tradition, Intersection, Jeonnam Museum of Art, Gwangyang\/Korea<\/a><\/li>\n<\/ul>\n<h3>2020<\/h3>\n<ul>\n<li>MESSE IN ST. AGNES, K\u00f6nig Galerie, Berlin\/Germany<\/li>\n<\/ul>\n<h3>2019<\/h3>\n<ul>\n<li>The ride throuht enernity, Hotel Mond, Berlin\/Germany<\/li>\n<li>Final painting now, Galerie Michael Schultz, Berlin\/Germany<\/li>\n<li>Moonlight, Hotel Mond, Berlin\/Germany<\/li>\n<\/ul>\n<h3>2018<\/h3>\n<ul>\n<li>The mona lisa show, Galerie Kampel,M\u00fcnchen \/ Germany<\/li>\n<li>Frauen k\u00f6nnen auch malen!, Galerie Holger John, Dresden\/ Germany<\/li>\n<li>\u201ePainted Images\u201c ,Sanatorum, Istanbul\/ T\u00fcrkiye<\/li>\n<li>Figure, Studio d\u00e1rte Cannaviello, Mailand \/ Italien<\/li>\n<\/ul>\n<h3>2017<\/h3>\n<ul>\n<li>\u201eThe Mona Lisa Show. Hotel Mond, Berlin\/ Germany<\/li>\n<li>autumn leaves, Galerie Michael Schultz \/ Berlin\/ Germany<\/li>\n<li>Auftakt,Rosenhang Museum,Weilburg\/Lahn\/ Germany<\/li>\n<li>An ongoing journey, Python Gallery, Switzerland<\/li>\n<\/ul>\n<h3>2016<\/h3>\n<ul>\n<li>Modern Landscape, Schultz contemporary, Berlin\/ Germany<\/li>\n<li>Nem as paredes confesso, Galeria Rua Miguel Bombarda, Portugal<\/li>\n<li>The Silk Road, Cultural Expo,Temperament Dunhuang \/ Magao, China<\/li>\n<li>Korea Tomorrow 2016, Sungkok Art Museum, Seoul, Korea<\/li>\n<li>6. Marrakech Biennale, Marrakech, Morocco<\/li>\n<\/ul>\n<h3>2015<\/h3>\n<ul>\n<li>Raum und Zeit, Berlin\/ Germany<\/li>\n<li>Dancer in the Dark, schultz contemporary, Berlin\/ Germany<\/li>\n<\/ul>\n<h3>2014<\/h3>\n<ul>\n<li>SURVIVORS, L\u00f6wenpalais \/ Stiftung Starke, Berlin\/ Germany<\/li>\n<li>THE WEEKLY SHOW, schultz contemporary, Berlin\/ Germany<\/li>\n<li>Ausstellung NEO Expressionism German Art \/ China Art Museum, Shanghai\/ China<\/li>\n<\/ul>\n<h3>2013<\/h3>\n<ul>\n<li>Ausstellung Art @ Lanz \/ Kitzb\u00fchl \/ Austria<\/li>\n<li>Ausstellung im Beijing World Art Museum, Beijing \/ China<\/li>\n<li>Infinity: Neo-expressionism \/ Contemporary Art, Zahn Zhou International Art Park, Beijing \/ China<\/li>\n<li>Kulturen &#8211; Kontakte, St\u00e4dtische Galerie Villa Streccius, Landau \/ Germany<\/li>\n<\/ul>\n<h3>2012<\/h3>\n<ul>\n<li>Der Rote Faden, Galerie Supper, Baden-Baden\/ Germany<\/li>\n<li>Flying, K\u00fcnstlerhaus Bethanien, Berlin\/ Germany<\/li>\n<li>Expanded Drawing, Fundacio Palma Espai d&#8217;Art &#8211; Casal Solleric 2012, Palma de Mallorca \/ Spain<\/li>\n<li>Korean Modern Art. Status and Prospects, Gwangju Museum of Art, Gwangju \/ Koreal<\/li>\n<li>Future Pass, National Taiwan Museum of Fine Arts, Taichung \/ Taiwan<\/li>\n<li>beyond the paramount, Galerie Michael Janssen, Berlin\/ Germany<\/li>\n<li>Berlin zeichnet, Galerie Stadt Sindelfingen &#8211; L\u00fctze Museum, Sindelfingen\/ Germany<\/li>\n<li>between, Michael Schultz Gallery Seoul \/ Korea<\/li>\n<li>Arkdische Schatten &#8211; die Erben des Kohlhaas zwischen Wille und Willk\u00fcr, Kleisthaus, Berlin\/ Germany<\/li>\n<li>It&#8217;s a women&#8217;s world, Galerie Martina Kaiser, K\u00f6ln\/ Germany<\/li>\n<li>United Art Scramble, With Space Gallery, Beijing \/ China<\/li>\n<li>Berlin zeichnet, Stadtgalerie Kiel\/ Germany<\/li>\n<\/ul>\n<h3>2011<\/h3>\n<ul>\n<li>Future Pass, Wereldmuseum Rotterdam \/ Netherlands<\/li>\n<li>salondergegenwart, Elbhof, Hamburg\/ Germany<\/li>\n<li>LETS PARTY FOR A PIECE OF ART, Pinakothek der Moderne, M\u00fcnchen\/ Germany<\/li>\n<li>Meissen artCampus &#8211; Der Neue Anfang, Baumwollspinnerei Leipzig\/ Germany<\/li>\n<li>Monte Verit\u00e0, Kunstverein Familie Montez, Frankfurt am Main\/ Germany<\/li>\n<li>Golden Spider, Michael Schultz Gallery, Seoul \/ Korea<\/li>\n<li>Swan Stage, With Space Gallery, Beijing \/ China<\/li>\n<li>Future Pass, Palazzo Mangilli-Valmarana; Abbazia di San Gregorio, Venice \/ Italien<\/li>\n<li>Berlin zeichnet, Kunstfoyer M\u00fcnchen\/ Germany<\/li>\n<li>Shadows of the bright, Berlin Art Projects, Berlin\/ Germany<\/li>\n<li>Peekaboo, CAS, Salzburg\/ Austria<\/li>\n<li>Berlin zeichnet, Kunsthalle Dominikanerkirche, Osnabr\u00fcck\/ Germany<\/li>\n<\/ul>\n<h3>2010<\/h3>\n<ul>\n<li><a href=\"http:\/\/www.artseo.de\/ausstellungen\/gruppenausstellungen\/constructed-landscapes.html\">Constructed Landscapes, Neue Galerie Gladbeck, Gladbeck\/ Germany<\/a><\/li>\n<li>Berlin zeichnet, Ludwig Museum Koblenz\/ Germany<\/li>\n<li>Landschaftswandel, Museum f\u00fcr Natur und Mensch, Oldenburg\/ Germany<\/li>\n<li>Silly Gooses Live in The Dark, UF6 Projects, Berlin\/ Germany<\/li>\n<\/ul>\n<h3>2009<\/h3>\n<ul>\n<li>Monuments in Time, Michael Schultz Gallery, Beijing \/ China<\/li>\n<li>Constructed Landscapes, Galerie Michael Schultz, Berlin; Kulturspeicher Oldenburg, Oldenburg\/ Germany<\/li>\n<li>S.A.A.B.S.D.P.D.J.I.M.K.R.L.C.P.T.R.S.S.S.W.M.W., autocenter, Berlin; Philara\u2013Sammlung zeitgen\u00f6ssischer Kunst, Walzwerk, D\u00fcsseldorf\/ Germany<\/li>\n<li>Foxtrott Saxonia, Kunsthalle Dresden, Dresden\/ Germany<\/li>\n<li>unter wasser \/ \u00fcber wasser \u2013 vom Aquarium zum Videobild, Kunsthalle Wilhelmshaven, Wilmershaven\/ Germany<\/li>\n<li>Curator\u2019s Choice, Swiss Art Institution, Karlsruhe\/ Germany<\/li>\n<li>Metaphors of Un\/Real, Museum of Contemporary Art Shanghai \/ China<\/li>\n<li>Cold Cell, Union Gallery, London \/ England<\/li>\n<\/ul>\n<h3>2008<\/h3>\n<ul>\n<li>30 gegen 3 000 000. Skulptur und Malerei aus Berlin, Kulturforum Schloss Holte-Stukenbrock, Schloss Holte-Stukenbrock<\/li>\n<li>Autumn Leaves, Kunsthalle Koidl, Berlin\/ Germany<\/li>\n<li>Close-up, Por Amor \u00c0 Arte Galeria, Porto \/ Portugal<\/li>\n<li>Mountainview, Michael Schultz Gallery, Seoul \/ Korea<\/li>\n<li>Viel Rauch um nichts&#8230;, Galerie Hellenthal, Berlin\/ Germany<\/li>\n<\/ul>\n<h3>2007<\/h3>\n<ul>\n<li>German Painting, Marlborough Fine Art London (with Cornelia Schleime und Karin Kneffel), London \/ England<\/li>\n<li>German Masters, Michael Schultz Gallery, Seoul \/ Korea<\/li>\n<li>100 Jahre Kunsthalle Mannheim, Kunsthalle Mannheim, Mannheim\/ Germany<\/li>\n<li>Strong Women \u2013 Picturesque Worlds, Verena Foundation, Hydra \/ Greece<\/li>\n<li>5 + 1, Thomas Cohn Galeria, S\u00e3o Paulo \/ Brasil<\/li>\n<li>Auf dem Weg ins Licht. Sammlung de Knecht, Kunsthalle Rostock, Rostock\/ Germany<\/li>\n<li>eroticism and 21 century popular culture, Art Sonje Centre, Seoul \/ Korea<\/li>\n<li>Salzmond, Kunstraum Klosterkirche, Traunstein\/ Germany)<\/li>\n<\/ul>\n<h3>2006<\/h3>\n<ul>\n<li>Stilelibero, Spazio Per L\u00b4Arte Contemporanea, Buttrio \/ Italien<\/li>\n<li>Full House \u2013 Gesichter einer Sammlung, Kunsthalle Mannheim, Mannheim\/ Germany<\/li>\n<li>Stilelibero 2, Studio D\u00b4Arte Cannaviello, Mailand \/ Italien<\/li>\n<li>Uzpuolimas!, Gallerija Vartai, Vilnius \/ Litauen<\/li>\n<li>dick aufgetragen, Galerie Helmut Leger, M\u00fcnchen\/ Germany<\/li>\n<li>Enzo Cannaviello e la pittura europea, Associazione culturale Galleria Ibiscus, Ragusa \/ Italien<\/li>\n<\/ul>\n<h3>2005<\/h3>\n<ul>\n<li>El Papel Del Papel, Galer\u00eda Carmen de la Calle, Madrid \/ Spain<\/li>\n<li>Blickachsen 5, Skulpturen im Kurpark Bad Homburg von der H\u00f6he, Bad Homburg von der H\u00f6he\/ Germany<\/li>\n<li>Meilenstein, Kunstverein Harburger Bahnhof, Hamburg\/ Germany<\/li>\n<li>Pintura y escultura \u2013 colecci\u00f3n Irene C\u00e1bez o Ignacio Mu\u00f1oz, Fundaci\u00f3n Antonio P\u00e9rez, Cuenca \/ Spanien<\/li>\n<li>Back to the line \u201310 Jahre Kunsthalle Dresden, Kunsthalle Dresden, Dresden\/ Germany<\/li>\n<li>Paint it loud, Galerie Peter Tedden, Oberhausen\/ Germany<\/li>\n<li>Commemoration of the 60 Years of Victory over Fascism, National Art Museum of China, Beijing \/ China<\/li>\n<\/ul>\n<h3>2004<\/h3>\n<ul>\n<li>Die Klasse von Baselitz, Galerie Apex, G\u00f6ttingen\/ Germany<\/li>\n<li>Territori I \u2013 Figurative Painting in Europe after 2000, Jiri Svestka Gallery, Prag \/ Czechia<\/li>\n<li>Now\u2026, Castellana Art Gallery, Madrid \/ Spanien<\/li>\n<li>Klasse Baselitz, Kunstverein Uelzen, Uelzen\/ Germany<\/li>\n<li>Die J\u00e4gerpr\u00fcfung, Galerie Peter Tedden, D\u00fcsseldorf\/ Germany<\/li>\n<li>Why Not?, Galerie Terminus, M\u00fcnchen\/ Germany<\/li>\n<li>Autoritratto del Mondo, Museo di Arte Contemporanea, Palermo \/ Italien<\/li>\n<li>25 Jahre Kunstkabinett Regensburg, Kunstkabinett Regensburg, Regensburg\/ Germany<\/li>\n<li>Dibujos Hoy, Centro de Arte Contempor\u00e1neo, M\u00e1laga \/ Spain<\/li>\n<li>Im Osten, Galerie am Klostersee, Lehnin\/ Germany<\/li>\n<li>Narrative from Germany, Elizabeth Leach Gallery, Portland \/ U.S.A.<\/li>\n<li>Direkte Malerei \/ Direct Painting, Kunsthalle Mannheim, Mannheim\/ Germany<\/li>\n<li>Vom Malen und Zeichnen, Galerie Michael W. Schmalfuss, Marburg\/ Germany<\/li>\n<li>Made in Germany, Galleria San Carlo, Mailand \/ Italien<\/li>\n<li>Identit\u00e4t im digitalen Zeitalter, K\u00fcnstlerhaus Bethanien, Berlin\/ Germany<\/li>\n<li>ARENA, Kunstverein \u201eTalstrasse\u201c e.V., Halle an der Saale\/ Germany<\/li>\n<li>Neues Zusammentreffen, The Museum of Art, Chosun University, Gwangju \/ Korea<\/li>\n<li>Berlin now, Galerie J\u00f6rg Hasenbach, Antwerpen \/ Belgium<\/li>\n<\/ul>\n<h3>2003<\/h3>\n<ul>\n<li>Einsichten. Die Klasse von Baselitz, Galerie Michael Schultz, Berlin; Galerie Helmut Leger, M\u00fcnchen\/ Germany<\/li>\n<li>Frisch. Fromm. Fr\u00f6hlich. Frei, Galerie Michael Schultz, Berlin\/ Germany<\/li>\n<li>Die Klasse von Baselitz, Galerie f\u00fcr Zeitkunst, Bamberg\/ Germany<\/li>\n<li>Fackelherz &amp; Falkenrot, Sammlung de Knecht, Georg-Kolbe-Museum, Berlin\/ Germany<\/li>\n<li>Tanz am Ufer der Berge, Kunstverein \u201eTalstrasse\u201c e.V., Halle an der Saale\/ Germany<\/li>\n<li>Master Works, Galerie Terminus, M\u00fcnchen (with Kiefer, Polke, Baselitz, Richter, Penck, L\u00fcpertz u.a.)\/ Germany<\/li>\n<li>Sonne &amp; Fleisch, Interconti Arkaden, Berlin\/ Germany<\/li>\n<li>Changing Channels, London Biennale Pollinations, Berlin\/ Germany<\/li>\n<li>Die vier Elemente, Schwartzsche Villa, Berlin\/ Germany<\/li>\n<\/ul>\n<h3>2002<\/h3>\n<ul>\n<li>Projekt im \u00f6ffentlichen Raum am Pariser Platz, Berlin\/ Germany<\/li>\n<li>Kunstsommer 2002, Kunstverein Oberhausen, Oberhausen\/ Germany<\/li>\n<\/ul>\n<h3>1998<\/h3>\n<ul>\n<li>\u00d6ffentlicher Wettbewerb: Gwangju Kulturmuseum, Gwangju \/ Korea<\/li>\n<\/ul>\n<p><\/p>","protected":false},"excerpt":{"rendered":"<p>2026 New Beginnings, Wetterling Gallery, Stockholm \/ Sweden Biennale am Main , Kunstforum Mainturm, Fl\u00f6rsheim am Main \/ Germany 2025 Windfinder \u2013 The Summer Exhibition, Galerie Hartwich, Sellin \/ Germany 2024 Kluft im Paradies, Galerie Noah, Augsburg\/ Germany 2023 Transcendent &hellip; <a href=\"https:\/\/artseo.de\/en\/ausstellungen\/gruppenausstellungen.html\">Continue reading <span class=\"meta-nav\">&rarr;<\/span><\/a><\/p>\n","protected":false},"author":1,"featured_media":0,"parent":77,"menu_order":18,"comment_status":"open","ping_status":"open","template":"","meta":{"footnotes":""},"class_list":["post-78","page","type-page","status-publish","hentry"],"_links":{"self":[{"href":"https:\/\/artseo.de\/en\/wp-json\/wp\/v2\/pages\/78","targetHints":{"allow":["GET"]}}],"collection":[{"href":"https:\/\/artseo.de\/en\/wp-json\/wp\/v2\/pages"}],"about":[{"href":"https:\/\/artseo.de\/en\/wp-json\/wp\/v2\/types\/page"}],"author":[{"embeddable":true,"href":"https:\/\/artseo.de\/en\/wp-json\/wp\/v2\/users\/1"}],"replies":[{"embeddable":true,"href":"https:\/\/artseo.de\/en\/wp-json\/wp\/v2\/comments?post=78"}],"version-history":[{"count":60,"href":"https:\/\/artseo.de\/en\/wp-json\/wp\/v2\/pages\/78\/revisions"}],"predecessor-version":[{"id":6060,"href":"https:\/\/artseo.de\/en\/wp-json\/wp\/v2\/pages\/78\/revisions\/6060"}],"up":[{"embeddable":true,"href":"https:\/\/artseo.de\/en\/wp-json\/wp\/v2\/pages\/77"}],"wp:attachment":[{"href":"https:\/\/artseo.de\/en\/wp-json\/wp\/v2\/media?parent=78"}],"curies":[{"name":"wp","href":"https:\/\/api.w.org\/{rel}","templated":true}]}}