{"id":2097,"date":"2013-06-20T14:03:29","date_gmt":"2013-06-20T14:03:29","guid":{"rendered":"http:\/\/www.artseo.de\/?page_id=2097"},"modified":"2026-01-13T15:41:34","modified_gmt":"2026-01-13T15:41:34","slug":"publikationen","status":"publish","type":"page","link":"https:\/\/artseo.de\/en\/seo\/publikationen.html","title":{"rendered":"Publications"},"content":{"rendered":"<p><\/p>\n<ul class=\"publikationen\">\n<li style=\"list-style-type: none;\">\n<ul class=\"publikationen\">\n<li>\n<div class=\"cover\"><a href=\"http:\/\/www.artseo.de\/wp-content\/uploads\/2021\/11\/ein_haus_fuer_juedische_theologie_2021.jpg\"><img loading=\"lazy\" decoding=\"async\" class=\"aligncenter size-full wp-image-4890\" src=\"http:\/\/www.artseo.de\/wp-content\/uploads\/2024\/08\/katalog_stockholm_2023jpg.jpg\" alt=\"ein_haus_fuer_juedische_theologie_2021\" width=\"120\" height=\"107\" \/><\/a><\/div>\n<div class=\"infos\">\n<h4>Home Is where I want to be<\/h4>\n<p>Wetterling Gallery 56 S. ISBN 978-91-527-7302-4\u00a0<a href=\"https:\/\/www.wetterlinggallery.com\">Order now<\/a><\/p>\n<\/div>\n<\/li>\n<li>\n<div class=\"cover\"><a href=\"http:\/\/www.artseo.de\/wp-content\/uploads\/2021\/11\/ein_haus_fuer_juedische_theologie_2021.jpg\"><img loading=\"lazy\" decoding=\"async\" class=\"aligncenter size-full wp-image-4890\" src=\"http:\/\/www.artseo.de\/wp-content\/uploads\/2021\/11\/ein_haus_fuer_juedische_theologie_2021.jpg\" alt=\"ein_haus_fuer_juedische_theologie_2021\" width=\"120\" height=\"107\" srcset=\"https:\/\/artseo.de\/wp-content\/uploads\/2021\/11\/ein_haus_fuer_juedische_theologie_2021.jpg 120w, https:\/\/artseo.de\/wp-content\/uploads\/2021\/11\/ein_haus_fuer_juedische_theologie_2021-75x66.jpg 75w\" sizes=\"auto, (max-width: 120px) 100vw, 120px\" \/><\/a><\/div>\n<div class=\"infos\">\n<h4>Ein Haus F\u00fcr j\u00fcdische Theologie<\/h4>\n<p>Patmos Verlag 109 S. ISBN 978-3-8436-1272-2\u00a0<a href=\"https:\/\/shop.verlagsgruppe-patmos.de\/ein-haus-fuer-juedische-theologie-am-neuen-palais-potsdam-011272.html\">Order now<\/a><\/p>\n<\/div>\n<\/li>\n<li>\n<div class=\"cover\"><img loading=\"lazy\" decoding=\"async\" src=\"http:\/\/www.artseo.de\/wp-content\/uploads\/2021\/11\/modernity_and_tradition_intersection_2021.jpg\" alt=\"modernity_and_tradition_intersection_2021\" width=\"92\" height=\"120\" \/><\/div>\n<div class=\"infos\">\n<h4>Modernity and Tradition, Intersection<\/h4>\n<p>Jeonnam Museum of Art 60 S. ISBN 979-11-974031-3-2\u00a0<a href=\"https:\/\/artmuseum.jeonnam.go.kr\/sites\/museumofart\/index.do\/\">Order now<\/a><\/p>\n<\/div>\n<\/li>\n<li>\n<div class=\"cover\"><a href=\"https:\/\/artseo.de\/wp-content\/uploads\/2026\/01\/\uc0b0\uc744\ub4f1\uc9c0\uace0-\ubb3c\uc744\ubc14\ub77c\ubcf4\ub2e4.jpg\"><img loading=\"lazy\" decoding=\"async\" class=\"aligncenter size-full wp-image-5949\" src=\"https:\/\/artseo.de\/wp-content\/uploads\/2026\/01\/\uc0b0\uc744\ub4f1\uc9c0\uace0-\ubb3c\uc744\ubc14\ub77c\ubcf4\ub2e4.jpg\" alt=\"\" width=\"125\" height=\"163\" srcset=\"https:\/\/artseo.de\/wp-content\/uploads\/2026\/01\/\uc0b0\uc744\ub4f1\uc9c0\uace0-\ubb3c\uc744\ubc14\ub77c\ubcf4\ub2e4.jpg 125w, https:\/\/artseo.de\/wp-content\/uploads\/2026\/01\/\uc0b0\uc744\ub4f1\uc9c0\uace0-\ubb3c\uc744\ubc14\ub77c\ubcf4\ub2e4-75x98.jpg 75w\" sizes=\"auto, (max-width: 125px) 100vw, 125px\" \/><\/a><\/div>\n<div class=\"infos\">\n<h4>Beneath the Mountain, Along the Water<\/h4>\n<p>Jeonnam Museum of Art. ISBN 979-11-974031-1-8<\/p>\n<\/div>\n<\/li>\n<li>\n<div class=\"cover\"><img decoding=\"async\" src=\"http:\/\/www.artseo.de\/wp-content\/uploads\/2020\/06\/seo_seeing_teh_world_through_circles_2020.jpg\" alt=\"\" \/><\/div>\n<div class=\"infos\">\n<h4>Seeing The World Through Circles<\/h4>\n<p>Weiterging Gallery 152 S. ISBN 978-91-87241-37-6\u00a0<a href=\"https:\/\/www.wetterlinggallery.com\/\">Order now<\/a><\/p>\n<\/div>\n<\/li>\n<li>\n<div class=\"cover\"><a href=\"http:\/\/www.artseo.de\/wp-content\/uploads\/2019\/03\/seo_the_separation_of_realitz_2016_50s.jpg\"><img loading=\"lazy\" decoding=\"async\" class=\"aligncenter size-full wp-image-4406\" src=\"http:\/\/www.artseo.de\/wp-content\/uploads\/2019\/03\/seo_the_separation_of_realitz_2016_50s.jpg\" alt=\"seo_the_separation_of_realitz_2016_50s\" width=\"91\" height=\"120\" srcset=\"https:\/\/artseo.de\/wp-content\/uploads\/2019\/03\/seo_the_separation_of_realitz_2016_50s.jpg 91w, https:\/\/artseo.de\/wp-content\/uploads\/2019\/03\/seo_the_separation_of_realitz_2016_50s-75x98.jpg 75w\" sizes=\"auto, (max-width: 91px) 100vw, 91px\" \/><\/a><\/div>\n<div class=\"infos\">\n<h4>The Separation of Reality<\/h4>\n<p>Galerie Michael Schulte Berlin &amp; Centro Cultural coreano 50 S. <a href=\"https:\/\/www.wetterlinggallery.com\/\">Order now<\/a><\/p>\n<\/div>\n<\/li>\n<li>\n<div class=\"cover\"><img decoding=\"async\" src=\"http:\/\/www.artseo.de\/wp-content\/uploads\/2019\/01\/twentzfourseven_wg.95_stockholm-2018_152s_s.jpg\" alt=\"\" \/><\/div>\n<div class=\"infos\">\n<h4>Twentyfourseven WG.95<\/h4>\n<p>Weiterging Gallery 152 S.\u00a0<a href=\"https:\/\/www.wetterlinggallery.com\/\">Order now<\/a><\/p>\n<\/div>\n<\/li>\n<li>\n<div class=\"cover\"><img decoding=\"async\" src=\"http:\/\/www.artseo.de\/wp-content\/uploads\/2013\/06\/kunst_fuer_alle_hrsg.Rosenhang-Museum-Weilburg_Lahn-2017-Jetyt-bestellen_175S_s.jpg\" alt=\"\" \/><\/div>\n<div class=\"infos\">\n<h4>Kunst f\u00fcr alle<\/h4>\n<p>40,00 \u20ac Hrsg.Rosenhang Museum Weilburg 175 S. <a class=\"external-link-new-window\" href=\"https:\/\/www.google.com\/search?q=ISBN+978-3-7356-0372-2&amp;oq=ISBN+978-3-7356-0372-2&amp;aqs=chrome..69i57.2066j0j7&amp;sourceid=chrome&amp;ie=UTF-8\">Order now<\/a><\/p>\n<\/div>\n<\/li>\n<li>\n<div class=\"cover\"><img decoding=\"async\" src=\"http:\/\/www.artseo.de\/wp-content\/uploads\/2017\/01\/out-and-standing.jpg\" alt=\"\" \/><\/div>\n<div class=\"infos\">\n<h4>Out + Standing<\/h4>\n<\/div>\n<\/li>\n<li>\n<div class=\"cover\"><img decoding=\"async\" src=\"http:\/\/www.artseo.de\/wp-content\/uploads\/2017\/01\/the-doubling-of-reality.jpg\" alt=\"\" \/><\/div>\n<div class=\"infos\">\n<h4>The Doubling of Reality<\/h4>\n<h4><a href=\"https:\/\/www.wetterlinggallery.com\/\">Order now<\/a><\/h4>\n<\/div>\n<\/li>\n<\/ul>\n<ul class=\"publikationen\">\n<li>\n<div class=\"cover\"><img decoding=\"async\" src=\"http:\/\/www.artseo.de\/wp-content\/uploads\/2016\/12\/SEO-Teilung-der-Unendlichkeit.jpg\" alt=\"\" \/><\/div>\n<div class=\"infos\">\n<h4>Die Teilung der Unendlichkeit<\/h4>\n<p>10,00 \u20ac<br \/>\nHrsg. Galerie Michael Schultz<br \/>\n56 S.<\/p>\n<\/div>\n<\/li>\n<li>\n<div class=\"cover\"><img decoding=\"async\" src=\"http:\/\/www.artseo.de\/wp-content\/uploads\/2016\/12\/SEO-Koblenz-low.jpg\" alt=\"\" \/><\/div>\n<div class=\"infos\">\n<h4>Das Gef\u00fchl in meinem Inneren<\/h4>\n<p>30,00 \u20ac<br \/>\nHrsg. Ludwig Museum Koblenz<br \/>\n112 S.<br \/>\n<a class=\"external-link-new-window\" href=\"http:\/\/schultzberlin.com\/en\/publication\/das-gef%C3%BChl-meinem-inneren\">Order now<\/a><\/p>\n<\/div>\n<\/li>\n<li>\n<div class=\"cover\"><img decoding=\"async\" src=\"http:\/\/www.artseo.de\/wp-content\/uploads\/2013\/05\/personal_cosmos.jpg\" alt=\"\" \/><\/div>\n<div class=\"infos\">\n<h4>Personal Cosmos<\/h4>\n<p>19,80 \u20ac<br \/>\nHrsg. Hirmer Verlag, M\u00fcnchen<br \/>\n63 S.<br \/>\n<a class=\"external-link-new-window\" href=\"http:\/\/www.schultzberlin.com\/de\/publication\/personal-cosmos\">Order now<\/a><\/p>\n<\/div>\n<\/li>\n<li>\n<div class=\"cover\"><img decoding=\"async\" src=\"http:\/\/www.artseo.de\/wp-content\/uploads\/2013\/05\/in_dog_we_trust.jpg\" alt=\"\" \/><\/div>\n<div class=\"infos\">\n<h4>In Dog We Trust<\/h4>\n<p>15,00 \u20ac<br \/>\nHrsg. Galerie Michael Janssen<br \/>\n41 S.<br \/>\n<a class=\"external-link-new-window\" href=\"http:\/\/www.schultzberlin.com\/de\/publication\/dog-we-trust\">Order now<\/a><\/p>\n<\/div>\n<\/li>\n<li>\n<div class=\"cover\"><a href=\"https:\/\/artseo.de\/wp-content\/uploads\/2026\/01\/future-pass.jpg\"><img loading=\"lazy\" decoding=\"async\" class=\"aligncenter size-full wp-image-5947\" src=\"https:\/\/artseo.de\/wp-content\/uploads\/2026\/01\/future-pass.jpg\" alt=\"\" width=\"125\" height=\"158\" srcset=\"https:\/\/artseo.de\/wp-content\/uploads\/2026\/01\/future-pass.jpg 125w, https:\/\/artseo.de\/wp-content\/uploads\/2026\/01\/future-pass-75x95.jpg 75w\" sizes=\"auto, (max-width: 125px) 100vw, 125px\" \/><\/a><\/div>\n<div class=\"infos\">\n<h4>Future Pass<\/h4>\n<p>National Taiwan Museum of Fine Arts<br \/>\n324 S.<\/p>\n<\/div>\n<\/li>\n<li>\n<div class=\"cover\"><img decoding=\"async\" src=\"http:\/\/www.artseo.de\/wp-content\/uploads\/2013\/05\/the_judith_rothschild_foundation_contemporary_drawings_collection.jpg\" alt=\"\" \/><\/div>\n<div class=\"infos\">\n<h4>The Judith Rothschild Foundation Contemporary Drawings Collection<\/h4>\n<p>SEO, u.a.<\/p>\n<p>Hrsg. Museum of Modern Art, New York 2009<br \/>\nauf Anfrage<br \/>\n616 S.<\/p>\n<\/div>\n<\/li>\n<li>\n<div class=\"cover\"><img decoding=\"async\" src=\"http:\/\/www.artseo.de\/wp-content\/uploads\/2013\/05\/rekonstruktionen.jpg\" alt=\"\" \/><\/div>\n<div class=\"infos\">\n<h4>Rekonstruktionen: Positionen zeitgen\u00f6ssischer Kunst<\/h4>\n<p>Hrsg. B &amp; S Siebenhaar<br \/>\n191 S.<br \/>\n<a class=\"external-link-new-window\" href=\"http:\/\/www.amazon.de\/Rekonstruktionen-zeitgen%C3%B6ssischer-Gerhard-Charles-Rump\/dp\/3936962367\">Order now<\/a><\/p>\n<\/div>\n<\/li>\n<li>\n<div class=\"cover\"><img decoding=\"async\" src=\"http:\/\/www.artseo.de\/wp-content\/uploads\/2013\/05\/german-painting.jpg\" alt=\"\" \/><\/div>\n<div class=\"infos\">\n<h4>New German Painting<\/h4>\n<p>Hrsg. Christoph Tannert, Oktober 2006<br \/>\n255 S.<br \/>\n<a class=\"external-link-new-window\" href=\"http:\/\/www.amazon.de\/New-German-Painting-Christoph-Tannert\/dp\/3791336665\">Order now<\/a><\/p>\n<\/div>\n<\/li>\n<li>\n<div class=\"cover\"><img decoding=\"async\" src=\"http:\/\/www.artseo.de\/wp-content\/uploads\/2013\/05\/war_and_peace.jpg\" alt=\"\" \/><\/div>\n<div class=\"infos\">\n<h4>War and Peace in the 21st Century<\/h4>\n<p>Hrsg. Gallery HYUNDAI, Seoul 2007<br \/>\nauf Anfrage<br \/>\n52 S.<\/p>\n<\/div>\n<\/li>\n<li>\n<div class=\"cover\"><img decoding=\"async\" src=\"http:\/\/www.artseo.de\/wp-content\/uploads\/2013\/05\/salondergegenwart.jpg\" alt=\"\" \/><\/div>\n<div class=\"infos\">\n<h4>Salondergegenwart<\/h4>\n<p>Hrsg. Kerber (30. November 2011)<br \/>\n<a class=\"external-link-new-window\" href=\"http:\/\/www.amazon.de\/Salondergegenwart-Christian-Holle\/dp\/3866786379\/ref=sr_1_2?ie=UTF8&amp;qid=1360160103&amp;sr=8-2\">Order now<\/a><br \/>\n104 S.<\/p>\n<\/div>\n<\/li>\n<li>\n<div class=\"cover\"><img decoding=\"async\" src=\"http:\/\/www.artseo.de\/wp-content\/uploads\/2013\/05\/beijing.jpg\" alt=\"\" \/><\/div>\n<div class=\"infos\">\n<h4>Beijing 798 Biennale<\/h4>\n<p>Hrsg. Beijing 798 Biennale, Peking 2009<br \/>\nauf Anfrage<br \/>\n272 S.<\/p>\n<\/div>\n<\/li>\n<li>\n<div class=\"cover\"><img decoding=\"async\" src=\"http:\/\/www.artseo.de\/wp-content\/uploads\/2013\/05\/think.jpg\" alt=\"\" \/><\/div>\n<div class=\"infos\">\n<h4>Think with the Senses<\/h4>\n<p>Hrsg. Rizzoli (21. August 2007)<br \/>\n<a class=\"external-link-new-window\" href=\"http:\/\/www.amazon.de\/Think-Senses-Feel-Present-Tense\/dp\/0847830012\/ref=sr_1_cc_3?s=aps&amp;ie=UTF8&amp;qid=1360160221&amp;sr=1-3-catcorr\">Order now<\/a><br \/>\n736 S.<\/p>\n<\/div>\n<\/li>\n<li>\n<div class=\"cover\"><img decoding=\"async\" src=\"http:\/\/www.artseo.de\/wp-content\/uploads\/2013\/05\/beiging.jpg\" alt=\"\" \/><\/div>\n<div class=\"infos\">\n<h4>Beijing Bienale 2005<\/h4>\n<p>auf Anfrage<\/p>\n<\/div>\n<\/li>\n<li>\n<div class=\"cover\"><img decoding=\"async\" src=\"http:\/\/www.artseo.de\/wp-content\/uploads\/2013\/05\/prauguebiennale.jpg\" alt=\"\" \/><\/div>\n<div class=\"infos\">\n<h4>Praugue Biennale<\/h4>\n<p>auf Anfrage<\/p>\n<\/div>\n<\/li>\n<li>\n<div class=\"cover\"><img decoding=\"async\" src=\"http:\/\/www.artseo.de\/wp-content\/uploads\/2013\/05\/ludwig-museum.jpg\" alt=\"\" \/><\/div>\n<div class=\"infos\">\n<h4>Ludwig Museum<\/h4>\n<p>auf Anfrage<\/p>\n<\/div>\n<\/li>\n<li>\n<div class=\"cover\"><img decoding=\"async\" src=\"http:\/\/www.artseo.de\/wp-content\/uploads\/2013\/05\/jintong.jpg\" alt=\"\" \/><\/div>\n<div class=\"infos\">\n<h4>Jintong<\/h4>\n<p>auf Anfrage<\/p>\n<\/div>\n<\/li>\n<li>\n<div class=\"cover\"><img decoding=\"async\" src=\"http:\/\/www.artseo.de\/wp-content\/uploads\/2013\/05\/gwangju.jpg\" alt=\"\" \/><\/div>\n<div class=\"infos\">\n<h4>Gwangju Biennale<\/h4>\n<p>auf Anfrage<\/p>\n<\/div>\n<\/li>\n<li>\n<div class=\"cover\"><img decoding=\"async\" src=\"http:\/\/www.artseo.de\/wp-content\/uploads\/2013\/05\/futurepass.jpg\" alt=\"\" \/><\/div>\n<div class=\"infos\">\n<h4>Futurpass<\/h4>\n<p>auf Anfrage<\/p>\n<\/div>\n<\/li>\n<li>\n<div class=\"cover\"><img decoding=\"async\" src=\"http:\/\/www.artseo.de\/wp-content\/uploads\/2013\/05\/annexe.jpg\" alt=\"\" \/><\/div>\n<div class=\"infos\">\n<h4>Annexe \/ Infix<\/h4>\n<p>auf Anfrage<\/p>\n<\/div>\n<\/li>\n<li>\n<div class=\"cover\"><\/div>\n<div class=\"infos empty\">\n<h4>SEO &#8211; Geheimnisvoller Einblick<\/h4>\n<p>Hrsg. SEO<br \/>\nauf Anfrage<br \/>\n191 S.<\/p>\n<\/div>\n<\/li>\n<li>\n<div class=\"cover\"><img decoding=\"async\" src=\"http:\/\/www.artseo.de\/wp-content\/uploads\/2013\/05\/ricefields.jpg\" alt=\"\" \/><\/div>\n<div class=\"infos\">\n<h4>Ricefields<\/h4>\n<p>Hrsg. Von Lintel Gallery, New York 2006<br \/>\nauf Anfrage<br \/>\n36 S.<\/p>\n<\/div>\n<\/li>\n<li>\n<div class=\"cover\"><img decoding=\"async\" src=\"http:\/\/www.artseo.de\/wp-content\/uploads\/2013\/05\/return_of_the_fishermen.jpg\" alt=\"\" \/><\/div>\n<div class=\"infos\">\n<h4>The Return of the Fishermen to Paradise<\/h4>\n<p>Hrsg. Von Lintel Gallery, New York 2004<br \/>\nauf Nachfrage<br \/>\n45 S.<\/p>\n<\/div>\n<\/li>\n<li>\n<div class=\"cover\"><img decoding=\"async\" src=\"http:\/\/www.artseo.de\/wp-content\/uploads\/2013\/05\/blickachsen.jpg\" alt=\"\" \/><\/div>\n<div class=\"infos\">\n<h4>Blickachsen 5<\/h4>\n<p>Hrsg. Edition und Galerie Scheffel, Bad Homburg 2005<br \/>\nauf Anfrage<br \/>\n144 S.<\/p>\n<\/div>\n<\/li>\n<li>\n<div class=\"cover\"><img decoding=\"async\" src=\"http:\/\/www.artseo.de\/wp-content\/uploads\/2013\/05\/spurensuche.jpg\" alt=\"\" \/><\/div>\n<div class=\"infos\">\n<h4>Spurensuche<\/h4>\n<p>Hrsg. Edition Hospitalhof Stuttgart, Stuttgart 2005<br \/>\nauf Anfrage<br \/>\n44 S.<\/p>\n<\/div>\n<\/li>\n<li>\n<div class=\"cover\"><img decoding=\"async\" src=\"http:\/\/www.artseo.de\/wp-content\/uploads\/2013\/05\/headstand.jpg\" alt=\"\" \/><\/div>\n<div class=\"infos\">\n<h4>Headstand<\/h4>\n<p>Hrsg. Studio D&#8217;Arte Cannaviello, Mailand 2006<br \/>\nauf Anfrage<br \/>\n51 S.<\/p>\n<\/div>\n<\/li>\n<li>\n<div class=\"cover\"><img decoding=\"async\" src=\"http:\/\/www.artseo.de\/wp-content\/uploads\/2013\/05\/german_painting.jpg\" alt=\"\" \/><\/div>\n<div class=\"infos\">\n<h4>German Painting<\/h4>\n<p>Hrsg. Marlborough Fine Art, London 2007<br \/>\nauf Anfrage<br \/>\n32 S.<\/p>\n<\/div>\n<\/li>\n<li>\n<div class=\"cover\"><img decoding=\"async\" src=\"http:\/\/www.artseo.de\/wp-content\/uploads\/2013\/05\/crossways.jpg\" alt=\"\" \/><\/div>\n<div class=\"infos\">\n<h4>Crossways against the War<\/h4>\n<p>25,00 \u20ac<br \/>\nHrsg. Michael Schultz Gallery Seoul, Seoul 2009<br \/>\n18 S.<br \/>\n<a class=\"external-link-new-window\" href=\"http:\/\/www.schultzberlin.com\/de\/publication\/crossways-against-war\">Order now<\/a><\/p>\n<\/div>\n<\/li>\n<li>\n<div class=\"cover\"><img decoding=\"async\" src=\"http:\/\/www.artseo.de\/wp-content\/uploads\/2013\/05\/bergphilosphen.jpg\" alt=\"\" \/><\/div>\n<div class=\"infos\">\n<h4>Bergphilosophen<\/h4>\n<p>Hrsg. Galer\u00eda Carmen de la Calle, Madrid 2005<br \/>\nauf Anfrage<br \/>\n45 S.<\/p>\n<\/div>\n<\/li>\n<li>\n<div class=\"cover\"><img decoding=\"async\" src=\"http:\/\/www.artseo.de\/wp-content\/uploads\/2013\/05\/between_dreams.jpg\" alt=\"\" \/><\/div>\n<div class=\"infos\">\n<h4>Between Dreams<\/h4>\n<p>Hrsg. Gallery HYUNDAI, Seoul 2007<br \/>\nauf Anfrage<br \/>\n52 S.<\/p>\n<\/div>\n<\/li>\n<li>\n<div class=\"cover\"><img decoding=\"async\" src=\"http:\/\/www.artseo.de\/wp-content\/uploads\/2013\/05\/geheimnisvoller_blick.jpg\" alt=\"\" \/><\/div>\n<div class=\"infos\">\n<h4>Geheimnisvoller Blick<\/h4>\n<p>Hrsg. Galerie Voss, D\u00fcsseldorf 2005<br \/>\nauf Anfrage<br \/>\n34 S.<\/p>\n<\/div>\n<\/li>\n<li>\n<div class=\"cover\"><img decoding=\"async\" src=\"http:\/\/www.artseo.de\/wp-content\/uploads\/2013\/05\/5_1_1.jpg\" alt=\"\" \/><\/div>\n<div class=\"infos\">\n<h4>5 + 1<\/h4>\n<p>Hrsg. Galeria Thomas Cohn, Sao Paulo 2007<br \/>\nauf Anfrage<br \/>\n16 S.<\/p>\n<\/div>\n<\/li>\n<li>\n<div class=\"cover\"><img decoding=\"async\" src=\"http:\/\/www.artseo.de\/wp-content\/uploads\/2013\/05\/prager_zyklus.jpg\" alt=\"\" \/><\/div>\n<div class=\"infos\">\n<h4>Prager Zyklus<\/h4>\n<p>Hrsg. Galerie Hellenthal, Berlin 2005<br \/>\nauf Anfrage<br \/>\n44 S.<\/p>\n<\/div>\n<\/li>\n<li>\n<div class=\"cover\"><img decoding=\"async\" src=\"http:\/\/www.artseo.de\/wp-content\/uploads\/2013\/05\/auf_dem_weg_ins_licht.jpg\" alt=\"\" \/><\/div>\n<div class=\"infos\">\n<h4>Auf dem Weg ins Licht<\/h4>\n<p>Norbert Bisky, Burkhard Held, J\u00f6rg Immendorff, Stephan Kaluza, Katrin Kampmann, Helge Leiberg, Huang Min, R\u00f6mer + R\u00f6mer, Cornelia Schleime, SEO, u.a.<\/p>\n<p>30,00 \u20ac<br \/>\nSammlung de Knecht<br \/>\nHrsg. Arie de Knecht \/ Galerie Michael Schultz, Berlin 2007<br \/>\n88 S.<br \/>\n<a class=\"external-link-new-window\" href=\"http:\/\/www.schultzberlin.com\/de\/publication\/auf-dem-weg-ins-licht\">Order now<\/a><\/p>\n<\/div>\n<\/li>\n<li>\n<div class=\"cover\"><img decoding=\"async\" src=\"http:\/\/www.artseo.de\/wp-content\/uploads\/2013\/05\/constructed_landscapes.jpg\" alt=\"\" \/><\/div>\n<div class=\"infos\">\n<h4>Constructed Landscapes<\/h4>\n<p>SEO, Maik Wolf<\/p>\n<p>24,80 \u20ac<br \/>\nHrsg. Galerie Michael Schultz, Berlin 2009<br \/>\n80 S.<br \/>\n<a class=\"external-link-new-window\" href=\"http:\/\/www.schultzberlin.com\/de\/publication\/constructed-landscapes\">Order now<\/a><\/p>\n<\/div>\n<\/li>\n<li>\n<div class=\"cover\"><img decoding=\"async\" src=\"http:\/\/www.artseo.de\/wp-content\/uploads\/2013\/05\/fackelherz-und-falkenrot.jpg\" alt=\"\" \/><\/div>\n<div class=\"infos\">\n<h4>Fackelherz &amp; Falkenrot<\/h4>\n<p>Amador, Norbert Bisky, Stephan Kaluza, Helge Leiberg, Cornelia Schleime, SEO<\/p>\n<p>15,00 \u20ac<br \/>\nHrsg. Georg-Kolbe Museum<br \/>\n89 S.<br \/>\n<a class=\"external-link-new-window\" href=\"http:\/\/www.schultzberlin.com\/de\/publication\/fackelherz-falkenrot\">Order now<\/a><\/p>\n<\/div>\n<\/li>\n<li>\n<div class=\"cover\"><a href=\"https:\/\/artseo.de\/wp-content\/uploads\/2026\/01\/Einsichten.jpg\"><img loading=\"lazy\" decoding=\"async\" class=\"aligncenter size-full wp-image-6002\" src=\"https:\/\/artseo.de\/wp-content\/uploads\/2026\/01\/Einsichten.jpg\" alt=\"\" width=\"125\" height=\"170\" srcset=\"https:\/\/artseo.de\/wp-content\/uploads\/2026\/01\/Einsichten.jpg 125w, https:\/\/artseo.de\/wp-content\/uploads\/2026\/01\/Einsichten-75x102.jpg 75w\" sizes=\"auto, (max-width: 125px) 100vw, 125px\" \/><\/a><a href=\"https:\/\/artseo.de\/wp-content\/uploads\/2026\/01\/SEO1.jpg\"><br \/>\n<\/a><\/div>\n<div class=\"infos empty\">\n<h4>Studenten der Klasse Baselitz<\/h4>\n<p>Hrsg. Gallery HYUNDAI, Seoul 2007<br \/>\nauf Anfrage<br \/>\n52 S.<br \/>\n<a class=\"external-link-new-window\" href=\"http:\/\/www.schultzberlin.com\/de\/publication\/studenten-der-klasse-baselitz\">Order now<\/a><\/p>\n<\/div>\n<\/li>\n<li>\n<div class=\"cover\"><img decoding=\"async\" src=\"http:\/\/www.artseo.de\/wp-content\/uploads\/2013\/05\/tanz_am_ufer_der_berge.jpg\" alt=\"\" \/><\/div>\n<div class=\"infos\">\n<h4>Tanz am Ufer der Berge<\/h4>\n<p>Norbert Bisky, Helge Leiberg, Cornelia Schleime, SEO<\/p>\n<p>15,00 \u20ac<br \/>\nEinsichten<br \/>\nHrsg. Kunstverein \u201eTalstrasse&#8221; e.V., Halle 2003<br \/>\n76 S.<br \/>\n<a class=\"external-link-new-window\" href=\"http:\/\/www.schultzberlin.com\/de\/publication\/tanz-am-ufer-der-berge\">Order now<\/a><\/p>\n<\/div>\n<\/li>\n<li>\n<div class=\"cover\"><img decoding=\"async\" src=\"http:\/\/www.artseo.de\/wp-content\/uploads\/2013\/05\/der_fluss_findet_das_meer.jpg\" alt=\"\" \/><\/div>\n<div class=\"infos\">\n<h4>Der Fluss findet das Meer<\/h4>\n<p>15,00 \u20ac<br \/>\nHrsg. Kunsthalle Dresden, Dresden 2009<br \/>\n44 S.<br \/>\n<a class=\"external-link-new-window\" href=\"http:\/\/www.schultzberlin.com\/de\/publication\/der-fluss-findet-das-meer\">Order now<\/a><\/p>\n<\/div>\n<\/li>\n<li>\n<div class=\"cover\"><img decoding=\"async\" src=\"http:\/\/www.artseo.de\/wp-content\/uploads\/2013\/05\/s_a_a_b.jpg\" alt=\"\" \/><\/div>\n<div class=\"infos\">\n<h4>S.A.A.B.S.D.P.D. J.I.M.K.R.L.C.P.T.R. S.S.S.F.W.M.W.<\/h4>\n<p>Sonja Alh\u00e4user, Alexander Braun, Peter Duka, John Isaacs, M.K. K\u00e4hne, Robert Lucander, Catalina Pabon, Tanja Rochelmeyer, Stefan Sehler, SEO, Fabian Weinecke, Maik Wolf<\/p>\n<p>Hrsg. Philara \u2013 Sammlung zeitgen\u00f6ssischer Kunst, Salon Verlag, K\u00f6ln 2009<br \/>\nauf Anfrage<br \/>\n64 S.<\/p>\n<\/div>\n<\/li>\n<li>\n<div class=\"cover\"><img decoding=\"async\" src=\"http:\/\/www.artseo.de\/wp-content\/uploads\/2013\/05\/constellations.jpg\" alt=\"\" \/><\/div>\n<div class=\"infos\">\n<h4>Constellations<\/h4>\n<p>SEO, u.a.<\/p>\n<p>Beijing 798 Biennale<br \/>\nHrsg. Beijing 798 Biennale, Peking 2009<br \/>\nauf Anfrage<br \/>\n272 S.<\/p>\n<\/div>\n<\/li>\n<li>\n<div class=\"cover\"><img decoding=\"async\" src=\"http:\/\/www.artseo.de\/wp-content\/uploads\/2013\/05\/eroticism.jpg\" alt=\"\" \/><\/div>\n<div class=\"infos\">\n<h4>Eroticism<\/h4>\n<p>R\u00f6mer + R\u00f6mer, SEO, u.a.<\/p>\n<p>21c<br \/>\n&gt;Hrsg. Artsonje Center, Seoul 2007<br \/>\nvergriffen<br \/>\n32 S.<\/p>\n<\/div>\n<\/li>\n<li>\n<div class=\"cover\"><img decoding=\"async\" src=\"http:\/\/www.artseo.de\/wp-content\/uploads\/2013\/05\/without_words.jpg\" alt=\"\" \/><\/div>\n<div class=\"infos\">\n<h4>Without Words<\/h4>\n<p>20,00 \u20ac<br \/>\nHrsg. Today Art Museum Beijing, China, 2010<br \/>\n37 S.<br \/>\n<a class=\"external-link-new-window\" href=\"http:\/\/www.schultzberlin.com\/de\/publication\/without-words\">Order now<\/a><\/p>\n<\/div>\n<\/li>\n<li>\n<div class=\"cover\"><img decoding=\"async\" src=\"http:\/\/www.artseo.de\/wp-content\/uploads\/2013\/05\/meine_deutschen_traeume.jpg\" alt=\"\" \/><\/div>\n<div class=\"infos\">\n<h4>Meine deutschen Tr\u00e4ume<\/h4>\n<p>25,00 \u20ac<br \/>\nVier Tr\u00e4ume vier R\u00e4ume<br \/>\nHrsg. Galerie Michael Schultz, Berlin 2003<br \/>\n88 S.<br \/>\n<a class=\"external-link-new-window\" href=\"http:\/\/www.schultzberlin.com\/de\/publication\/meine-deutschen-tr%C3%A4ume\">Order now<\/a><\/p>\n<\/div>\n<\/li>\n<li>\n<div class=\"cover\"><img decoding=\"async\" src=\"http:\/\/www.artseo.de\/wp-content\/uploads\/2013\/05\/wirklichkeit.jpg\" alt=\"\" \/><\/div>\n<div class=\"infos\">\n<h4>Wirklichkeit und Wahrheit<\/h4>\n<p>Hrsg. Kunstkabinett Regensburg, Regensburg 2004<br \/>\nvergriffen<br \/>\n51 S.<\/p>\n<\/div>\n<\/li>\n<li>\n<div class=\"cover\"><img decoding=\"async\" src=\"http:\/\/www.artseo.de\/wp-content\/uploads\/2013\/05\/falkenrot_preis_2005.jpg\" alt=\"\" \/><\/div>\n<div class=\"infos\">\n<h4>Falkenrot Preis 2005<\/h4>\n<p>25,00 \u20ac<br \/>\nHrsg. K\u00fcnstlerhaus Bethanien, Berlin 2005<br \/>\n76 S.<br \/>\n<a class=\"external-link-new-window\" href=\"http:\/\/www.schultzberlin.com\/de\/publication\/falkenrot-preis-2005\">Order now<\/a><\/p>\n<\/div>\n<\/li>\n<li>\n<div class=\"cover\"><img decoding=\"async\" src=\"http:\/\/www.artseo.de\/wp-content\/uploads\/2013\/05\/schattenfaenger.jpg\" alt=\"\" \/><\/div>\n<div class=\"infos\">\n<h4>Schattenf\u00e4nger<\/h4>\n<p>20,00 \u20ac<br \/>\nHrsg. Galerie Michael Schultz, Berlin 2005<br \/>\n42 S.<br \/>\n<a class=\"external-link-new-window\" href=\"http:\/\/www.schultzberlin.com\/de\/publication\/schattenf%C3%A4nger\">Order now<\/a><\/p>\n<\/div>\n<\/li>\n<li>\n<div class=\"cover\"><img decoding=\"async\" src=\"http:\/\/www.artseo.de\/wp-content\/uploads\/2013\/05\/am_ende_kam_der_tag.jpg\" alt=\"\" \/><\/div>\n<div class=\"infos\">\n<h4>Am Ende kam der Tag<\/h4>\n<p>48,00 \u20ac<br \/>\nHrsg. Kunsthalle Mannheim, Mannheim 2007<br \/>\n111 S.<br \/>\n<a class=\"external-link-new-window\" href=\"http:\/\/www.schultzberlin.com\/de\/publication\/am-ende-kam-der-tag\">Order now<\/a><\/p>\n<\/div>\n<\/li>\n<li>\n<div class=\"cover\"><img decoding=\"async\" src=\"http:\/\/www.artseo.de\/wp-content\/uploads\/2013\/05\/the_cologne_paintings.jpg\" alt=\"\" \/><\/div>\n<div class=\"infos\">\n<h4>the cologne paintings<\/h4>\n<p>10,00 \u20ac<br \/>\nHrsg. Leopold-Hoesch-Museum D\u00fcren, Berlin 2008<br \/>\n24 S.<br \/>\n<a class=\"external-link-new-window\" href=\"http:\/\/www.schultzberlin.com\/de\/publication\/cologne-paintings\">Order now<\/a><\/p>\n<\/div>\n<\/li>\n<li>\n<div class=\"cover\"><img decoding=\"async\" src=\"http:\/\/www.artseo.de\/wp-content\/uploads\/2013\/05\/close_encounter.jpg\" alt=\"\" \/><\/div>\n<div class=\"infos\">\n<h4>Close encounter-Robert Rauschenberg und SEO<\/h4>\n<p>35,00 \u20ac<br \/>\nHrsg. Kunsthalle Rostock, Berlin 2008<br \/>\n126 S.<br \/>\n<a class=\"external-link-new-window\" href=\"http:\/\/www.schultzberlin.com\/de\/publication\/close-encounter-robert-rauschenberg-und-seo\">Order now<\/a><\/p>\n<\/div>\n<\/li>\n<li>\n<div class=\"cover\"><img decoding=\"async\" src=\"http:\/\/www.artseo.de\/wp-content\/uploads\/2013\/05\/monografie.jpg\" alt=\"\" \/><\/div>\n<div class=\"infos\">\n<h4>Monografie<\/h4>\n<p>49,95 \u20ac<br \/>\nHrsg. Prestel, M\u00fcnchen 2009<br \/>\n190 S.<br \/>\n<a class=\"external-link-new-window\" href=\"http:\/\/www.schultzberlin.com\/de\/publication\/monografie\">Order now<\/a><\/p>\n<\/div>\n<\/li>\n<\/ul>\n<\/li>\n<\/ul>\n<p><\/p>","protected":false},"excerpt":{"rendered":"<p>Home Is where I want to be Wetterling Gallery 56 S. ISBN 978-91-527-7302-4\u00a0Order now Ein Haus F\u00fcr j\u00fcdische Theologie Patmos Verlag 109 S. ISBN 978-3-8436-1272-2\u00a0Order now Modernity and Tradition, Intersection Jeonnam Museum of Art 60 S. ISBN 979-11-974031-3-2\u00a0Order now Beneath &hellip; <a href=\"https:\/\/artseo.de\/en\/seo\/publikationen.html\">Continue reading <span class=\"meta-nav\">&rarr;<\/span><\/a><\/p>\n","protected":false},"author":1,"featured_media":0,"parent":13,"menu_order":8,"comment_status":"open","ping_status":"open","template":"","meta":{"footnotes":""},"class_list":["post-2097","page","type-page","status-publish","hentry"],"_links":{"self":[{"href":"https:\/\/artseo.de\/en\/wp-json\/wp\/v2\/pages\/2097","targetHints":{"allow":["GET"]}}],"collection":[{"href":"https:\/\/artseo.de\/en\/wp-json\/wp\/v2\/pages"}],"about":[{"href":"https:\/\/artseo.de\/en\/wp-json\/wp\/v2\/types\/page"}],"author":[{"embeddable":true,"href":"https:\/\/artseo.de\/en\/wp-json\/wp\/v2\/users\/1"}],"replies":[{"embeddable":true,"href":"https:\/\/artseo.de\/en\/wp-json\/wp\/v2\/comments?post=2097"}],"version-history":[{"count":95,"href":"https:\/\/artseo.de\/en\/wp-json\/wp\/v2\/pages\/2097\/revisions"}],"predecessor-version":[{"id":6015,"href":"https:\/\/artseo.de\/en\/wp-json\/wp\/v2\/pages\/2097\/revisions\/6015"}],"up":[{"embeddable":true,"href":"https:\/\/artseo.de\/en\/wp-json\/wp\/v2\/pages\/13"}],"wp:attachment":[{"href":"https:\/\/artseo.de\/en\/wp-json\/wp\/v2\/media?parent=2097"}],"curies":[{"name":"wp","href":"https:\/\/api.w.org\/{rel}","templated":true}]}}