{"id":2082,"date":"2013-06-20T13:54:47","date_gmt":"2013-06-20T13:54:47","guid":{"rendered":"http:\/\/www.artseo.de\/?page_id=2082"},"modified":"2018-12-20T16:20:49","modified_gmt":"2018-12-20T16:20:49","slug":"preise-stipendien","status":"publish","type":"page","link":"https:\/\/artseo.de\/en\/seo\/preise-stipendien.html","title":{"rendered":"Awards &#038; Stipends"},"content":{"rendered":"<p><\/p>\n<h4>2010<\/h4>\n<ul>\n<li>Beijing Art Award<\/li>\n<\/ul>\n<h4>2008<\/h4>\n<ul>\n<li>Meilenstein, D\u00fcren<\/li>\n<\/ul>\n<h4>2005<\/h4>\n<ul>\n<li>Blickachsen F\u00f6rderpreis, Bad Homburg<br \/>\nFalkenrot Preis, Berlin<\/li>\n<li>Award of Excellent Painting, National Art Museum of China, Beijing \/ China<\/li>\n<\/ul>\n<h4>2004<\/h4>\n<ul>\n<li>Walter-Hellenthal-Preis f\u00fcr Malerei, Berlin<\/li>\n<li>Meistersch\u00fclerpreis des Pr\u00e4sidenten der Universit\u00e4t der K\u00fcnste, Berlin<\/li>\n<\/ul>\n<h4>2000<\/h4>\n<ul>\n<li>Stipendium der Cho-sun Universit\u00e4t als beste Studentin<\/li>\n<\/ul>\n<p><\/p>","protected":false},"excerpt":{"rendered":"<p>2010 Beijing Art Award 2008 Meilenstein, D\u00fcren 2005 Blickachsen F\u00f6rderpreis, Bad Homburg Falkenrot Preis, Berlin Award of Excellent Painting, National Art Museum of China, Beijing \/ China 2004 Walter-Hellenthal-Preis f\u00fcr Malerei, Berlin Meistersch\u00fclerpreis des Pr\u00e4sidenten der Universit\u00e4t der K\u00fcnste, Berlin &hellip; <a href=\"https:\/\/artseo.de\/en\/seo\/preise-stipendien.html\">Continue reading <span class=\"meta-nav\">&rarr;<\/span><\/a><\/p>\n","protected":false},"author":1,"featured_media":0,"parent":13,"menu_order":3,"comment_status":"open","ping_status":"open","template":"","meta":{"footnotes":""},"class_list":["post-2082","page","type-page","status-publish","hentry"],"_links":{"self":[{"href":"https:\/\/artseo.de\/en\/wp-json\/wp\/v2\/pages\/2082","targetHints":{"allow":["GET"]}}],"collection":[{"href":"https:\/\/artseo.de\/en\/wp-json\/wp\/v2\/pages"}],"about":[{"href":"https:\/\/artseo.de\/en\/wp-json\/wp\/v2\/types\/page"}],"author":[{"embeddable":true,"href":"https:\/\/artseo.de\/en\/wp-json\/wp\/v2\/users\/1"}],"replies":[{"embeddable":true,"href":"https:\/\/artseo.de\/en\/wp-json\/wp\/v2\/comments?post=2082"}],"version-history":[{"count":4,"href":"https:\/\/artseo.de\/en\/wp-json\/wp\/v2\/pages\/2082\/revisions"}],"predecessor-version":[{"id":4290,"href":"https:\/\/artseo.de\/en\/wp-json\/wp\/v2\/pages\/2082\/revisions\/4290"}],"up":[{"embeddable":true,"href":"https:\/\/artseo.de\/en\/wp-json\/wp\/v2\/pages\/13"}],"wp:attachment":[{"href":"https:\/\/artseo.de\/en\/wp-json\/wp\/v2\/media?parent=2082"}],"curies":[{"name":"wp","href":"https:\/\/api.w.org\/{rel}","templated":true}]}}